{"id":297,"date":"2021-09-02T08:15:25","date_gmt":"2021-09-02T06:15:25","guid":{"rendered":"http:\/\/sitp-kielce.pl\/?page_id=297"},"modified":"2021-11-08T14:46:28","modified_gmt":"2021-11-08T13:46:28","slug":"zarzad-oddzialu-swietokrzyskiego","status":"publish","type":"page","link":"http:\/\/sitp-kielce.pl\/index.php\/zarzad-oddzialu-swietokrzyskiego\/","title":{"rendered":"Zarz\u0105d"},"content":{"rendered":"\n<p>Zarz\u0105d Oddzia\u0142u \u015awi\u0119tokrzyskiego:<\/p>\n\n\n\n<ul class=\"wp-block-list\"><li>prezes &#8211; kol. Piotr Wito\u0144<\/li><li>wiceprezes &#8211; kol. Marek Kaczmarczyk<\/li><li>wiceprezes &#8211; kol. Jakub Kubicki<\/li><li>sekretarz &#8211; kol. Marcin Nyga<\/li><li>skarbnik &#8211; kol. S\u0142awomir Pietrzykowski<\/li><li>cz\u0142onek &#8211; kol. Czes\u0142aw Lalewicz<\/li><li>cz\u0142onek &#8211; kol Piotr Tomaszewski<\/li><li>cz\u0142onek &#8211; kol. Micha\u0142 Jankowski<\/li><li>cz\u0142onek &#8211; kol. Piotr Kosiela<\/li><\/ul>\n\n\n\n<p>Komisja Rewizyjna:<\/p>\n\n\n\n<ul class=\"wp-block-list\"><li>przewodnicz\u0105cy &#8211; kol. Jerzy Kurek<\/li><li>sekretarz &#8211; kol. Lech Sapu\u0142a<\/li><li>cz\u0142onek &#8211; kol. Stanis\u0142aw Wo\u015b<\/li><\/ul>\n\n\n\n<p>S\u0105d Kole\u017ce\u0144ski:<\/p>\n\n\n\n<ul class=\"wp-block-list\"><li>przewodnicz\u0105cy &#8211; kol. J\u00f3zef K\u0119dziora<\/li><li>sekretarz &#8211; kol. Pawe\u0142 Borek<\/li><li>cz\u0142onek &#8211; kol. Pawe\u0142 G\u00f3rniak<\/li><\/ul>\n","protected":false},"excerpt":{"rendered":"<p>Zarz\u0105d Oddzia\u0142u \u015awi\u0119tokrzyskiego: prezes &#8211; kol. Piotr Wito\u0144 wiceprezes &#8211; kol. Marek Kaczmarczyk wiceprezes &#8211; kol. Jakub Kubicki sekretarz &#8211; kol. Marcin Nyga skarbnik &#8211; kol. S\u0142awomir Pietrzykowski cz\u0142onek &#8211; kol. Czes\u0142aw Lalewicz cz\u0142onek &#8211; kol Piotr Tomaszewski cz\u0142onek &#8211; kol. Micha\u0142 Jankowski cz\u0142onek &#8211; kol. Piotr Kosiela Komisja Rewizyjna: przewodnicz\u0105cy &#8211; kol. Jerzy Kurek&#8230;<\/p>\n","protected":false},"author":1,"featured_media":1322,"parent":0,"menu_order":0,"comment_status":"closed","ping_status":"closed","template":"","meta":{"footnotes":""},"class_list":["post-297","page","type-page","status-publish","has-post-thumbnail","hentry"],"yoast_head":"<!-- This site is optimized with the Yoast SEO plugin v24.9 - https:\/\/yoast.com\/wordpress\/plugins\/seo\/ -->\n<title>Zarz\u0105d - Stowarzyszenie In\u017cynier\u00f3w i Technik\u00f3w Po\u017carnictwa - Oddzia\u0142 \u015awi\u0119tokrzyski<\/title>\n<meta name=\"description\" content=\"Zarz\u0105d Oddzia\u0142u \u015awi\u0119tokrzyskiego\" \/>\n<meta name=\"robots\" content=\"index, follow, max-snippet:-1, max-image-preview:large, max-video-preview:-1\" \/>\n<link rel=\"canonical\" href=\"https:\/\/sitp-kielce.pl\/index.php\/zarzad-oddzialu-swietokrzyskiego\/\" \/>\n<meta property=\"og:locale\" content=\"pl_PL\" \/>\n<meta property=\"og:type\" content=\"article\" \/>\n<meta property=\"og:title\" content=\"Zarz\u0105d - Stowarzyszenie In\u017cynier\u00f3w i Technik\u00f3w Po\u017carnictwa - Oddzia\u0142 \u015awi\u0119tokrzyski\" \/>\n<meta property=\"og:description\" content=\"Zarz\u0105d Oddzia\u0142u \u015awi\u0119tokrzyskiego\" \/>\n<meta property=\"og:url\" content=\"https:\/\/sitp-kielce.pl\/index.php\/zarzad-oddzialu-swietokrzyskiego\/\" \/>\n<meta property=\"og:site_name\" content=\"Stowarzyszenie In\u017cynier\u00f3w i Technik\u00f3w Po\u017carnictwa - Oddzia\u0142 \u015awi\u0119tokrzyski\" \/>\n<meta property=\"article:modified_time\" content=\"2021-11-08T13:46:28+00:00\" \/>\n<meta property=\"og:image\" content=\"https:\/\/sitp-kielce.pl\/wp-content\/uploads\/2021\/11\/zarzad.jpg\" \/>\n\t<meta property=\"og:image:width\" content=\"620\" \/>\n\t<meta property=\"og:image:height\" content=\"276\" \/>\n\t<meta property=\"og:image:type\" content=\"image\/jpeg\" \/>\n<meta name=\"twitter:card\" content=\"summary_large_image\" \/>\n<meta name=\"twitter:label1\" content=\"Szacowany czas czytania\" \/>\n\t<meta name=\"twitter:data1\" content=\"1 minuta\" \/>\n<script type=\"application\/ld+json\" class=\"yoast-schema-graph\">{\"@context\":\"https:\/\/schema.org\",\"@graph\":[{\"@type\":\"WebPage\",\"@id\":\"https:\/\/sitp-kielce.pl\/index.php\/zarzad-oddzialu-swietokrzyskiego\/\",\"url\":\"https:\/\/sitp-kielce.pl\/index.php\/zarzad-oddzialu-swietokrzyskiego\/\",\"name\":\"Zarz\u0105d - Stowarzyszenie In\u017cynier\u00f3w i Technik\u00f3w Po\u017carnictwa - Oddzia\u0142 \u015awi\u0119tokrzyski\",\"isPartOf\":{\"@id\":\"https:\/\/sitp-kielce.pl\/#website\"},\"primaryImageOfPage\":{\"@id\":\"https:\/\/sitp-kielce.pl\/index.php\/zarzad-oddzialu-swietokrzyskiego\/#primaryimage\"},\"image\":{\"@id\":\"https:\/\/sitp-kielce.pl\/index.php\/zarzad-oddzialu-swietokrzyskiego\/#primaryimage\"},\"thumbnailUrl\":\"http:\/\/sitp-kielce.pl\/wp-content\/uploads\/2021\/11\/zarzad.jpg\",\"datePublished\":\"2021-09-02T06:15:25+00:00\",\"dateModified\":\"2021-11-08T13:46:28+00:00\",\"description\":\"Zarz\u0105d Oddzia\u0142u \u015awi\u0119tokrzyskiego\",\"breadcrumb\":{\"@id\":\"https:\/\/sitp-kielce.pl\/index.php\/zarzad-oddzialu-swietokrzyskiego\/#breadcrumb\"},\"inLanguage\":\"pl-PL\",\"potentialAction\":[{\"@type\":\"ReadAction\",\"target\":[\"https:\/\/sitp-kielce.pl\/index.php\/zarzad-oddzialu-swietokrzyskiego\/\"]}]},{\"@type\":\"ImageObject\",\"inLanguage\":\"pl-PL\",\"@id\":\"https:\/\/sitp-kielce.pl\/index.php\/zarzad-oddzialu-swietokrzyskiego\/#primaryimage\",\"url\":\"http:\/\/sitp-kielce.pl\/wp-content\/uploads\/2021\/11\/zarzad.jpg\",\"contentUrl\":\"http:\/\/sitp-kielce.pl\/wp-content\/uploads\/2021\/11\/zarzad.jpg\",\"width\":620,\"height\":276,\"caption\":\"Zarz\u0105d \u015awi\u0119tokrzyskiego oddzia\u0142u SITP\"},{\"@type\":\"BreadcrumbList\",\"@id\":\"https:\/\/sitp-kielce.pl\/index.php\/zarzad-oddzialu-swietokrzyskiego\/#breadcrumb\",\"itemListElement\":[{\"@type\":\"ListItem\",\"position\":1,\"name\":\"Strona g\u0142\u00f3wna\",\"item\":\"https:\/\/sitp-kielce.pl\/\"},{\"@type\":\"ListItem\",\"position\":2,\"name\":\"Zarz\u0105d\"}]},{\"@type\":\"WebSite\",\"@id\":\"https:\/\/sitp-kielce.pl\/#website\",\"url\":\"https:\/\/sitp-kielce.pl\/\",\"name\":\"Stowarzyszenie In\u017cynier\u00f3w i Technik\u00f3w Po\u017carnictwa - Oddzia\u0142 \u015awi\u0119tokrzyski\",\"description\":\"SITP\",\"publisher\":{\"@id\":\"https:\/\/sitp-kielce.pl\/#organization\"},\"potentialAction\":[{\"@type\":\"SearchAction\",\"target\":{\"@type\":\"EntryPoint\",\"urlTemplate\":\"https:\/\/sitp-kielce.pl\/?s={search_term_string}\"},\"query-input\":{\"@type\":\"PropertyValueSpecification\",\"valueRequired\":true,\"valueName\":\"search_term_string\"}}],\"inLanguage\":\"pl-PL\"},{\"@type\":\"Organization\",\"@id\":\"https:\/\/sitp-kielce.pl\/#organization\",\"name\":\"STOWARZYSZENIE IN\u017bYNIER\u00d3W I TECHNIK\u00d3W PO\u017bARNICTWA ODDZIA\u0141 \u015aWI\u0118TOKRZYSKI\",\"url\":\"https:\/\/sitp-kielce.pl\/\",\"logo\":{\"@type\":\"ImageObject\",\"inLanguage\":\"pl-PL\",\"@id\":\"https:\/\/sitp-kielce.pl\/#\/schema\/logo\/image\/\",\"url\":\"http:\/\/sitp-kielce.pl\/wp-content\/uploads\/2021\/08\/sitp_logo_x500.png\",\"contentUrl\":\"http:\/\/sitp-kielce.pl\/wp-content\/uploads\/2021\/08\/sitp_logo_x500.png\",\"width\":500,\"height\":231,\"caption\":\"STOWARZYSZENIE IN\u017bYNIER\u00d3W I TECHNIK\u00d3W PO\u017bARNICTWA ODDZIA\u0141 \u015aWI\u0118TOKRZYSKI\"},\"image\":{\"@id\":\"https:\/\/sitp-kielce.pl\/#\/schema\/logo\/image\/\"}}]}<\/script>\n<!-- \/ Yoast SEO plugin. -->","yoast_head_json":{"title":"Zarz\u0105d - Stowarzyszenie In\u017cynier\u00f3w i Technik\u00f3w Po\u017carnictwa - Oddzia\u0142 \u015awi\u0119tokrzyski","description":"Zarz\u0105d Oddzia\u0142u \u015awi\u0119tokrzyskiego","robots":{"index":"index","follow":"follow","max-snippet":"max-snippet:-1","max-image-preview":"max-image-preview:large","max-video-preview":"max-video-preview:-1"},"canonical":"https:\/\/sitp-kielce.pl\/index.php\/zarzad-oddzialu-swietokrzyskiego\/","og_locale":"pl_PL","og_type":"article","og_title":"Zarz\u0105d - Stowarzyszenie In\u017cynier\u00f3w i Technik\u00f3w Po\u017carnictwa - Oddzia\u0142 \u015awi\u0119tokrzyski","og_description":"Zarz\u0105d Oddzia\u0142u \u015awi\u0119tokrzyskiego","og_url":"https:\/\/sitp-kielce.pl\/index.php\/zarzad-oddzialu-swietokrzyskiego\/","og_site_name":"Stowarzyszenie In\u017cynier\u00f3w i Technik\u00f3w Po\u017carnictwa - Oddzia\u0142 \u015awi\u0119tokrzyski","article_modified_time":"2021-11-08T13:46:28+00:00","og_image":[{"width":620,"height":276,"url":"https:\/\/sitp-kielce.pl\/wp-content\/uploads\/2021\/11\/zarzad.jpg","type":"image\/jpeg"}],"twitter_card":"summary_large_image","twitter_misc":{"Szacowany czas czytania":"1 minuta"},"schema":{"@context":"https:\/\/schema.org","@graph":[{"@type":"WebPage","@id":"https:\/\/sitp-kielce.pl\/index.php\/zarzad-oddzialu-swietokrzyskiego\/","url":"https:\/\/sitp-kielce.pl\/index.php\/zarzad-oddzialu-swietokrzyskiego\/","name":"Zarz\u0105d - Stowarzyszenie In\u017cynier\u00f3w i Technik\u00f3w Po\u017carnictwa - Oddzia\u0142 \u015awi\u0119tokrzyski","isPartOf":{"@id":"https:\/\/sitp-kielce.pl\/#website"},"primaryImageOfPage":{"@id":"https:\/\/sitp-kielce.pl\/index.php\/zarzad-oddzialu-swietokrzyskiego\/#primaryimage"},"image":{"@id":"https:\/\/sitp-kielce.pl\/index.php\/zarzad-oddzialu-swietokrzyskiego\/#primaryimage"},"thumbnailUrl":"http:\/\/sitp-kielce.pl\/wp-content\/uploads\/2021\/11\/zarzad.jpg","datePublished":"2021-09-02T06:15:25+00:00","dateModified":"2021-11-08T13:46:28+00:00","description":"Zarz\u0105d Oddzia\u0142u \u015awi\u0119tokrzyskiego","breadcrumb":{"@id":"https:\/\/sitp-kielce.pl\/index.php\/zarzad-oddzialu-swietokrzyskiego\/#breadcrumb"},"inLanguage":"pl-PL","potentialAction":[{"@type":"ReadAction","target":["https:\/\/sitp-kielce.pl\/index.php\/zarzad-oddzialu-swietokrzyskiego\/"]}]},{"@type":"ImageObject","inLanguage":"pl-PL","@id":"https:\/\/sitp-kielce.pl\/index.php\/zarzad-oddzialu-swietokrzyskiego\/#primaryimage","url":"http:\/\/sitp-kielce.pl\/wp-content\/uploads\/2021\/11\/zarzad.jpg","contentUrl":"http:\/\/sitp-kielce.pl\/wp-content\/uploads\/2021\/11\/zarzad.jpg","width":620,"height":276,"caption":"Zarz\u0105d \u015awi\u0119tokrzyskiego oddzia\u0142u SITP"},{"@type":"BreadcrumbList","@id":"https:\/\/sitp-kielce.pl\/index.php\/zarzad-oddzialu-swietokrzyskiego\/#breadcrumb","itemListElement":[{"@type":"ListItem","position":1,"name":"Strona g\u0142\u00f3wna","item":"https:\/\/sitp-kielce.pl\/"},{"@type":"ListItem","position":2,"name":"Zarz\u0105d"}]},{"@type":"WebSite","@id":"https:\/\/sitp-kielce.pl\/#website","url":"https:\/\/sitp-kielce.pl\/","name":"Stowarzyszenie In\u017cynier\u00f3w i Technik\u00f3w Po\u017carnictwa - Oddzia\u0142 \u015awi\u0119tokrzyski","description":"SITP","publisher":{"@id":"https:\/\/sitp-kielce.pl\/#organization"},"potentialAction":[{"@type":"SearchAction","target":{"@type":"EntryPoint","urlTemplate":"https:\/\/sitp-kielce.pl\/?s={search_term_string}"},"query-input":{"@type":"PropertyValueSpecification","valueRequired":true,"valueName":"search_term_string"}}],"inLanguage":"pl-PL"},{"@type":"Organization","@id":"https:\/\/sitp-kielce.pl\/#organization","name":"STOWARZYSZENIE IN\u017bYNIER\u00d3W I TECHNIK\u00d3W PO\u017bARNICTWA ODDZIA\u0141 \u015aWI\u0118TOKRZYSKI","url":"https:\/\/sitp-kielce.pl\/","logo":{"@type":"ImageObject","inLanguage":"pl-PL","@id":"https:\/\/sitp-kielce.pl\/#\/schema\/logo\/image\/","url":"http:\/\/sitp-kielce.pl\/wp-content\/uploads\/2021\/08\/sitp_logo_x500.png","contentUrl":"http:\/\/sitp-kielce.pl\/wp-content\/uploads\/2021\/08\/sitp_logo_x500.png","width":500,"height":231,"caption":"STOWARZYSZENIE IN\u017bYNIER\u00d3W I TECHNIK\u00d3W PO\u017bARNICTWA ODDZIA\u0141 \u015aWI\u0118TOKRZYSKI"},"image":{"@id":"https:\/\/sitp-kielce.pl\/#\/schema\/logo\/image\/"}}]}},"_links":{"self":[{"href":"http:\/\/sitp-kielce.pl\/index.php\/wp-json\/wp\/v2\/pages\/297","targetHints":{"allow":["GET"]}}],"collection":[{"href":"http:\/\/sitp-kielce.pl\/index.php\/wp-json\/wp\/v2\/pages"}],"about":[{"href":"http:\/\/sitp-kielce.pl\/index.php\/wp-json\/wp\/v2\/types\/page"}],"author":[{"embeddable":true,"href":"http:\/\/sitp-kielce.pl\/index.php\/wp-json\/wp\/v2\/users\/1"}],"replies":[{"embeddable":true,"href":"http:\/\/sitp-kielce.pl\/index.php\/wp-json\/wp\/v2\/comments?post=297"}],"version-history":[{"count":6,"href":"http:\/\/sitp-kielce.pl\/index.php\/wp-json\/wp\/v2\/pages\/297\/revisions"}],"predecessor-version":[{"id":1321,"href":"http:\/\/sitp-kielce.pl\/index.php\/wp-json\/wp\/v2\/pages\/297\/revisions\/1321"}],"wp:featuredmedia":[{"embeddable":true,"href":"http:\/\/sitp-kielce.pl\/index.php\/wp-json\/wp\/v2\/media\/1322"}],"wp:attachment":[{"href":"http:\/\/sitp-kielce.pl\/index.php\/wp-json\/wp\/v2\/media?parent=297"}],"curies":[{"name":"wp","href":"https:\/\/api.w.org\/{rel}","templated":true}]}}