{"id":1195,"date":"2021-09-15T12:34:18","date_gmt":"2021-09-15T10:34:18","guid":{"rendered":"https:\/\/sitp-kielce.pl\/?page_id=1195"},"modified":"2021-09-15T12:34:18","modified_gmt":"2021-09-15T10:34:18","slug":"xiv-mistrzostwa-w-strzelaniu-2016","status":"publish","type":"page","link":"https:\/\/sitp-kielce.pl\/index.php\/xiv-mistrzostwa-w-strzelaniu-2016\/","title":{"rendered":"XIV Mistrzostwa w strzelaniu \u2013 2016"},"content":{"rendered":"<div  id=\"jtg-1103\" class=\"modula modula-gallery modula-creative-gallery\" data-config=\"{&quot;height&quot;:800,&quot;tabletHeight&quot;:800,&quot;mobileHeight&quot;:800,&quot;desktopHeight&quot;:800,&quot;enableTwitter&quot;:false,&quot;enableWhatsapp&quot;:false,&quot;enableFacebook&quot;:false,&quot;enablePinterest&quot;:false,&quot;enableLinkedin&quot;:false,&quot;enableEmail&quot;:false,&quot;randomFactor&quot;:0.5,&quot;type&quot;:&quot;creative-gallery&quot;,&quot;columns&quot;:12,&quot;gutter&quot;:10,&quot;mobileGutter&quot;:10,&quot;tabletGutter&quot;:10,&quot;desktopGutter&quot;:10,&quot;enableResponsive&quot;:&quot;0&quot;,&quot;tabletColumns&quot;:&quot;2&quot;,&quot;mobileColumns&quot;:&quot;1&quot;,&quot;lazyLoad&quot;:0,&quot;lightboxOpts&quot;:{&quot;animated&quot;:true,&quot;Thumbs&quot;:{&quot;type&quot;:&quot;modern&quot;,&quot;showOnStart&quot;:false},&quot;Toolbar&quot;:{&quot;display&quot;:{&quot;right&quot;:[&quot;close&quot;]},&quot;enabled&quot;:true},&quot;Carousel&quot;:{&quot;Panzoom&quot;:{&quot;touch&quot;:true},&quot;infinite&quot;:false},&quot;keyboard&quot;:{&quot;Escape&quot;:&quot;close&quot;,&quot;Delete&quot;:&quot;close&quot;,&quot;Backspace&quot;:&quot;close&quot;,&quot;PageUp&quot;:false,&quot;PageDown&quot;:false,&quot;ArrowUp&quot;:false,&quot;ArrowDown&quot;:false,&quot;ArrowRight&quot;:false,&quot;ArrowLeft&quot;:false},&quot;touch&quot;:false,&quot;backdropClick&quot;:false,&quot;l10n&quot;:{&quot;CLOSE&quot;:&quot;Zamknij&quot;,&quot;NEXT&quot;:&quot;Nast\\u0119pny&quot;,&quot;PREV&quot;:&quot;Poprzedni&quot;,&quot;Error&quot;:&quot;Nie mo\\u017cna wczyta\\u0107 \\u017c\\u0105danej tre\\u015bci. Spr\\u00f3buj ponownie p\\u00f3\\u017aniej.&quot;,&quot;PLAY_START&quot;:&quot;Rozpocznij pokaz slajd\\u00f3w&quot;,&quot;PLAY_STOP&quot;:&quot;Zatrzymaj pokaz slajd\\u00f3w&quot;,&quot;FULL_SCREEN&quot;:&quot;Pe\\u0142ny ekran&quot;,&quot;THUMBS&quot;:&quot;Miniaturki&quot;,&quot;DOWNLOAD&quot;:&quot;Pobieranie&quot;,&quot;SHARE&quot;:&quot;Udost\\u0119pnij&quot;,&quot;ZOOM&quot;:&quot;Powi\\u0119kszenie&quot;,&quot;EMAIL&quot;:&quot;Here is the link to the image : %%image_link%% and this is the link to the gallery : %%gallery_link%%&quot;,&quot;MODAL&quot;:&quot;Mo\\u017cesz zamkn\\u0105\\u0107 t\\u0119 zawarto\\u015b\\u0107 okna modalnego za pomoc\\u0105 klawisza ESC&quot;,&quot;ERROR&quot;:&quot;Co\\u015b posz\\u0142o nie tak. Spr\\u00f3buj ponownie p\\u00f3\\u017aniej&quot;,&quot;IMAGE_ERROR&quot;:&quot;Nie znaleziono obrazka&quot;,&quot;ELEMENT_NOT_FOUND&quot;:&quot;Nie znaleziono elementu HTML&quot;,&quot;AJAX_NOT_FOUND&quot;:&quot;B\\u0142\\u0105d wczytywania AJAX: Nie znaleziono&quot;,&quot;AJAX_FORBIDDEN&quot;:&quot;B\\u0142\\u0105d wczytywania AJAX: Zabronione&quot;,&quot;IFRAME_ERROR&quot;:&quot;B\\u0142\\u0105d wczytywania strony&quot;,&quot;TOGGLE_ZOOM&quot;:&quot;Prze\\u0142\\u0105cz poziom powi\\u0119kszenia&quot;,&quot;TOGGLE_THUMBS&quot;:&quot;Prze\\u0142\\u0105cz miniaturki&quot;,&quot;TOGGLE_SLIDESHOW&quot;:&quot;Prze\\u0142\\u0105cz pokaz slajd\\u00f3w&quot;,&quot;TOGGLE_FULLSCREEN&quot;:&quot;Prze\\u0142\\u0105cz tryb pe\\u0142noekranowy&quot;},&quot;Images&quot;:{&quot;Panzoom&quot;:{&quot;maxScale&quot;:2}},&quot;mainClass&quot;:&quot;modula-fancybox-container modula-lightbox-jtg-1103&quot;,&quot;Html&quot;:{&quot;videoAutoplay&quot;:0,&quot;videoTpl&quot;:&quot;&lt;video class=\\&quot;fancybox__html5video\\&quot; controls muted playsinline controlsList controlsList=\\&quot;nodownload\\&quot; poster=\\&quot;{{poster}}\\&quot; src=\\&quot;{{src}}\\&quot; type=\\&quot;{{format}}\\&quot; &gt;  Sorry, your browser doesn&#039;t support embedded videos, &lt;a href=\\&quot;{{src}}\\&quot;&gt; download &lt;\\\/a&gt; and watch with your favorite video player! &lt;\\\/video&gt;&quot;}},&quot;inView&quot;:false,&quot;email_subject&quot;:&quot;Check out this awesome image !!&quot;,&quot;email_message&quot;:&quot;Here is the link to the image : %%image_link%% and this is the link to the gallery : %%gallery_link%%&quot;,&quot;lightbox&quot;:&quot;fancybox&quot;}\">\n\n\t\n\t<div  class=\"modula-items\">\n\t\t<div class=\"modula-item effect-pufrobo\" >\n\t<div class=\"modula-item-overlay\"><\/div>\n\n\t<div class=\"modula-item-content\">\n\n\t\t<a data-image-id=\"882\" role=\"button\" data-elementor-open-lightbox=\"no\" tabindex=\"0\" rel=\"jtg-1103\" data-caption=\"                               \" aria-label=\"Otw\u00f3rz obrazek w lightboxie\" class=\"tile-inner modula-item-link\"><\/a><img loading=\"lazy\" decoding=\"async\" class=\"pic wp-image-882\"  data-valign=\"middle\" data-halign=\"center\" alt=\"\" data-full=\"https:\/\/sitp-kielce.pl\/wp-content\/uploads\/Galerie_SITP\/2016_strzelanie\/1.jpg\" title=\"1\" crop=\"\" width=\"300\" height=\"225\" src=\"https:\/\/sitp-kielce.pl\/wp-content\/uploads\/Galerie_SITP\/2016_strzelanie\/1-300x225.jpg\" data-src=\"https:\/\/sitp-kielce.pl\/wp-content\/uploads\/Galerie_SITP\/2016_strzelanie\/1-300x225.jpg\" data-caption=\"                               \" srcset=\"https:\/\/sitp-kielce.pl\/wp-content\/uploads\/Galerie_SITP\/2016_strzelanie\/1.jpg 1000w, https:\/\/sitp-kielce.pl\/wp-content\/uploads\/Galerie_SITP\/2016_strzelanie\/1-300x225.jpg 300w, https:\/\/sitp-kielce.pl\/wp-content\/uploads\/Galerie_SITP\/2016_strzelanie\/1-768x576.jpg 768w, https:\/\/sitp-kielce.pl\/wp-content\/uploads\/Galerie_SITP\/2016_strzelanie\/1-850x638.jpg 850w\" sizes=\"auto, (max-width: 300px) 100vw, 300px\" \/>\n\t\t<div class=\"figc\">\n\t\t\t<div class=\"figc-inner\">\n\t\t\t\t\t\t\t\t\t\t\t\t\t\t\t<\/div>\n\t\t<\/div>\n\n\t<\/div>\n\n<\/div><div class=\"modula-item effect-pufrobo\" >\n\t<div class=\"modula-item-overlay\"><\/div>\n\n\t<div class=\"modula-item-content\">\n\n\t\t<a data-image-id=\"880\" role=\"button\" data-elementor-open-lightbox=\"no\" tabindex=\"0\" rel=\"jtg-1103\" data-caption=\"                               \" aria-label=\"Otw\u00f3rz obrazek w lightboxie\" class=\"tile-inner modula-item-link\"><\/a><img loading=\"lazy\" decoding=\"async\" class=\"pic wp-image-880\"  data-valign=\"middle\" data-halign=\"center\" alt=\"\" data-full=\"https:\/\/sitp-kielce.pl\/wp-content\/uploads\/Galerie_SITP\/2016_strzelanie\/3.jpg\" title=\"3\" crop=\"\" width=\"300\" height=\"225\" src=\"https:\/\/sitp-kielce.pl\/wp-content\/uploads\/Galerie_SITP\/2016_strzelanie\/3-300x225.jpg\" data-src=\"https:\/\/sitp-kielce.pl\/wp-content\/uploads\/Galerie_SITP\/2016_strzelanie\/3-300x225.jpg\" data-caption=\"                               \" srcset=\"https:\/\/sitp-kielce.pl\/wp-content\/uploads\/Galerie_SITP\/2016_strzelanie\/3.jpg 1000w, https:\/\/sitp-kielce.pl\/wp-content\/uploads\/Galerie_SITP\/2016_strzelanie\/3-300x225.jpg 300w, https:\/\/sitp-kielce.pl\/wp-content\/uploads\/Galerie_SITP\/2016_strzelanie\/3-768x576.jpg 768w, https:\/\/sitp-kielce.pl\/wp-content\/uploads\/Galerie_SITP\/2016_strzelanie\/3-850x638.jpg 850w\" sizes=\"auto, (max-width: 300px) 100vw, 300px\" \/>\n\t\t<div class=\"figc\">\n\t\t\t<div class=\"figc-inner\">\n\t\t\t\t\t\t\t\t\t\t\t\t\t\t\t<\/div>\n\t\t<\/div>\n\n\t<\/div>\n\n<\/div><div class=\"modula-item effect-pufrobo\" >\n\t<div class=\"modula-item-overlay\"><\/div>\n\n\t<div class=\"modula-item-content\">\n\n\t\t<a data-image-id=\"879\" role=\"button\" data-elementor-open-lightbox=\"no\" tabindex=\"0\" rel=\"jtg-1103\" data-caption=\"                               \" aria-label=\"Otw\u00f3rz obrazek w lightboxie\" class=\"tile-inner modula-item-link\"><\/a><img loading=\"lazy\" decoding=\"async\" class=\"pic wp-image-879\"  data-valign=\"middle\" data-halign=\"center\" alt=\"\" data-full=\"https:\/\/sitp-kielce.pl\/wp-content\/uploads\/Galerie_SITP\/2016_strzelanie\/4.jpg\" title=\"4\" crop=\"\" width=\"300\" height=\"225\" src=\"https:\/\/sitp-kielce.pl\/wp-content\/uploads\/Galerie_SITP\/2016_strzelanie\/4-300x225.jpg\" data-src=\"https:\/\/sitp-kielce.pl\/wp-content\/uploads\/Galerie_SITP\/2016_strzelanie\/4-300x225.jpg\" data-caption=\"                               \" srcset=\"https:\/\/sitp-kielce.pl\/wp-content\/uploads\/Galerie_SITP\/2016_strzelanie\/4.jpg 1000w, https:\/\/sitp-kielce.pl\/wp-content\/uploads\/Galerie_SITP\/2016_strzelanie\/4-300x225.jpg 300w, https:\/\/sitp-kielce.pl\/wp-content\/uploads\/Galerie_SITP\/2016_strzelanie\/4-768x576.jpg 768w, https:\/\/sitp-kielce.pl\/wp-content\/uploads\/Galerie_SITP\/2016_strzelanie\/4-850x638.jpg 850w\" sizes=\"auto, (max-width: 300px) 100vw, 300px\" \/>\n\t\t<div class=\"figc\">\n\t\t\t<div class=\"figc-inner\">\n\t\t\t\t\t\t\t\t\t\t\t\t\t\t\t<\/div>\n\t\t<\/div>\n\n\t<\/div>\n\n<\/div><div class=\"modula-item effect-pufrobo\" >\n\t<div class=\"modula-item-overlay\"><\/div>\n\n\t<div class=\"modula-item-content\">\n\n\t\t<a data-image-id=\"883\" role=\"button\" data-elementor-open-lightbox=\"no\" tabindex=\"0\" rel=\"jtg-1103\" data-caption=\"                               \" aria-label=\"Otw\u00f3rz obrazek w lightboxie\" class=\"tile-inner modula-item-link\"><\/a><img loading=\"lazy\" decoding=\"async\" class=\"pic wp-image-883\"  data-valign=\"middle\" data-halign=\"center\" alt=\"\" data-full=\"https:\/\/sitp-kielce.pl\/wp-content\/uploads\/Galerie_SITP\/2016_strzelanie\/2.jpg\" title=\"2\" crop=\"\" width=\"300\" height=\"225\" src=\"https:\/\/sitp-kielce.pl\/wp-content\/uploads\/Galerie_SITP\/2016_strzelanie\/2-300x225.jpg\" data-src=\"https:\/\/sitp-kielce.pl\/wp-content\/uploads\/Galerie_SITP\/2016_strzelanie\/2-300x225.jpg\" data-caption=\"                               \" srcset=\"https:\/\/sitp-kielce.pl\/wp-content\/uploads\/Galerie_SITP\/2016_strzelanie\/2.jpg 1000w, https:\/\/sitp-kielce.pl\/wp-content\/uploads\/Galerie_SITP\/2016_strzelanie\/2-300x225.jpg 300w, https:\/\/sitp-kielce.pl\/wp-content\/uploads\/Galerie_SITP\/2016_strzelanie\/2-768x576.jpg 768w, https:\/\/sitp-kielce.pl\/wp-content\/uploads\/Galerie_SITP\/2016_strzelanie\/2-850x638.jpg 850w\" sizes=\"auto, (max-width: 300px) 100vw, 300px\" \/>\n\t\t<div class=\"figc\">\n\t\t\t<div class=\"figc-inner\">\n\t\t\t\t\t\t\t\t\t\t\t\t\t\t\t<\/div>\n\t\t<\/div>\n\n\t<\/div>\n\n<\/div>\t\t\n\t<\/div>\n\n\t\n\t\n\t<script type=\"application\/ld+json\">\n\t{\n\t\t\"@context\": \"http:\/\/schema.org\",\n\t\t\"@type\"   : \"ImageGallery\",\n\t\t\"id\"      : \"https:\/\/sitp-kielce.pl\/index.php\/xiv-mistrzostwa-w-strzelaniu-2016\/\",\n\t\t\"url\"     : \"https:\/\/sitp-kielce.pl\/index.php\/xiv-mistrzostwa-w-strzelaniu-2016\/\"\n\t}\n\n\t<\/script>\n\n\t\n<\/div>\n\n","protected":false},"excerpt":{"rendered":"","protected":false},"author":1,"featured_media":881,"parent":0,"menu_order":0,"comment_status":"closed","ping_status":"closed","template":"","meta":{"footnotes":""},"class_list":["post-1195","page","type-page","status-publish","has-post-thumbnail","hentry"],"yoast_head":"<!-- This site is optimized with the Yoast SEO plugin v24.9 - https:\/\/yoast.com\/wordpress\/plugins\/seo\/ -->\n<title>XIV Mistrzostwa w strzelaniu \u2013 2016 - Stowarzyszenie In\u017cynier\u00f3w i Technik\u00f3w Po\u017carnictwa - Oddzia\u0142 \u015awi\u0119tokrzyski<\/title>\n<meta name=\"robots\" content=\"index, follow, max-snippet:-1, max-image-preview:large, max-video-preview:-1\" \/>\n<link rel=\"canonical\" href=\"https:\/\/sitp-kielce.pl\/index.php\/xiv-mistrzostwa-w-strzelaniu-2016\/\" \/>\n<meta property=\"og:locale\" content=\"pl_PL\" \/>\n<meta property=\"og:type\" content=\"article\" \/>\n<meta property=\"og:title\" content=\"XIV Mistrzostwa w strzelaniu \u2013 2016 - Stowarzyszenie In\u017cynier\u00f3w i Technik\u00f3w Po\u017carnictwa - Oddzia\u0142 \u015awi\u0119tokrzyski\" \/>\n<meta property=\"og:url\" content=\"https:\/\/sitp-kielce.pl\/index.php\/xiv-mistrzostwa-w-strzelaniu-2016\/\" \/>\n<meta property=\"og:site_name\" content=\"Stowarzyszenie In\u017cynier\u00f3w i Technik\u00f3w Po\u017carnictwa - Oddzia\u0142 \u015awi\u0119tokrzyski\" \/>\n<meta property=\"og:image\" content=\"https:\/\/sitp-kielce.pl\/wp-content\/uploads\/Galerie_SITP\/2016_strzelanie\/thumb23.jpg\" \/>\n\t<meta property=\"og:image:width\" content=\"620\" \/>\n\t<meta property=\"og:image:height\" content=\"220\" \/>\n\t<meta property=\"og:image:type\" content=\"image\/jpeg\" \/>\n<meta name=\"twitter:card\" content=\"summary_large_image\" \/>\n<script type=\"application\/ld+json\" class=\"yoast-schema-graph\">{\"@context\":\"https:\/\/schema.org\",\"@graph\":[{\"@type\":\"WebPage\",\"@id\":\"https:\/\/sitp-kielce.pl\/index.php\/xiv-mistrzostwa-w-strzelaniu-2016\/\",\"url\":\"https:\/\/sitp-kielce.pl\/index.php\/xiv-mistrzostwa-w-strzelaniu-2016\/\",\"name\":\"XIV Mistrzostwa w strzelaniu \u2013 2016 - Stowarzyszenie In\u017cynier\u00f3w i Technik\u00f3w Po\u017carnictwa - Oddzia\u0142 \u015awi\u0119tokrzyski\",\"isPartOf\":{\"@id\":\"http:\/\/sitp-kielce.pl\/#website\"},\"primaryImageOfPage\":{\"@id\":\"https:\/\/sitp-kielce.pl\/index.php\/xiv-mistrzostwa-w-strzelaniu-2016\/#primaryimage\"},\"image\":{\"@id\":\"https:\/\/sitp-kielce.pl\/index.php\/xiv-mistrzostwa-w-strzelaniu-2016\/#primaryimage\"},\"thumbnailUrl\":\"https:\/\/sitp-kielce.pl\/wp-content\/uploads\/Galerie_SITP\/2016_strzelanie\/thumb23.jpg\",\"datePublished\":\"2021-09-15T10:34:18+00:00\",\"breadcrumb\":{\"@id\":\"https:\/\/sitp-kielce.pl\/index.php\/xiv-mistrzostwa-w-strzelaniu-2016\/#breadcrumb\"},\"inLanguage\":\"pl-PL\",\"potentialAction\":[{\"@type\":\"ReadAction\",\"target\":[\"https:\/\/sitp-kielce.pl\/index.php\/xiv-mistrzostwa-w-strzelaniu-2016\/\"]}]},{\"@type\":\"ImageObject\",\"inLanguage\":\"pl-PL\",\"@id\":\"https:\/\/sitp-kielce.pl\/index.php\/xiv-mistrzostwa-w-strzelaniu-2016\/#primaryimage\",\"url\":\"https:\/\/sitp-kielce.pl\/wp-content\/uploads\/Galerie_SITP\/2016_strzelanie\/thumb23.jpg\",\"contentUrl\":\"https:\/\/sitp-kielce.pl\/wp-content\/uploads\/Galerie_SITP\/2016_strzelanie\/thumb23.jpg\",\"width\":620,\"height\":220,\"caption\":\"\"},{\"@type\":\"BreadcrumbList\",\"@id\":\"https:\/\/sitp-kielce.pl\/index.php\/xiv-mistrzostwa-w-strzelaniu-2016\/#breadcrumb\",\"itemListElement\":[{\"@type\":\"ListItem\",\"position\":1,\"name\":\"Strona g\u0142\u00f3wna\",\"item\":\"http:\/\/sitp-kielce.pl\/\"},{\"@type\":\"ListItem\",\"position\":2,\"name\":\"XIV Mistrzostwa w strzelaniu \u2013 2016\"}]},{\"@type\":\"WebSite\",\"@id\":\"http:\/\/sitp-kielce.pl\/#website\",\"url\":\"http:\/\/sitp-kielce.pl\/\",\"name\":\"Stowarzyszenie In\u017cynier\u00f3w i Technik\u00f3w Po\u017carnictwa - Oddzia\u0142 \u015awi\u0119tokrzyski\",\"description\":\"SITP\",\"publisher\":{\"@id\":\"http:\/\/sitp-kielce.pl\/#organization\"},\"potentialAction\":[{\"@type\":\"SearchAction\",\"target\":{\"@type\":\"EntryPoint\",\"urlTemplate\":\"http:\/\/sitp-kielce.pl\/?s={search_term_string}\"},\"query-input\":{\"@type\":\"PropertyValueSpecification\",\"valueRequired\":true,\"valueName\":\"search_term_string\"}}],\"inLanguage\":\"pl-PL\"},{\"@type\":\"Organization\",\"@id\":\"http:\/\/sitp-kielce.pl\/#organization\",\"name\":\"STOWARZYSZENIE IN\u017bYNIER\u00d3W I TECHNIK\u00d3W PO\u017bARNICTWA ODDZIA\u0141 \u015aWI\u0118TOKRZYSKI\",\"url\":\"http:\/\/sitp-kielce.pl\/\",\"logo\":{\"@type\":\"ImageObject\",\"inLanguage\":\"pl-PL\",\"@id\":\"http:\/\/sitp-kielce.pl\/#\/schema\/logo\/image\/\",\"url\":\"http:\/\/sitp-kielce.pl\/wp-content\/uploads\/2021\/08\/sitp_logo_x500.png\",\"contentUrl\":\"http:\/\/sitp-kielce.pl\/wp-content\/uploads\/2021\/08\/sitp_logo_x500.png\",\"width\":500,\"height\":231,\"caption\":\"STOWARZYSZENIE IN\u017bYNIER\u00d3W I TECHNIK\u00d3W PO\u017bARNICTWA ODDZIA\u0141 \u015aWI\u0118TOKRZYSKI\"},\"image\":{\"@id\":\"http:\/\/sitp-kielce.pl\/#\/schema\/logo\/image\/\"}}]}<\/script>\n<!-- \/ Yoast SEO plugin. -->","yoast_head_json":{"title":"XIV Mistrzostwa w strzelaniu \u2013 2016 - Stowarzyszenie In\u017cynier\u00f3w i Technik\u00f3w Po\u017carnictwa - Oddzia\u0142 \u015awi\u0119tokrzyski","robots":{"index":"index","follow":"follow","max-snippet":"max-snippet:-1","max-image-preview":"max-image-preview:large","max-video-preview":"max-video-preview:-1"},"canonical":"https:\/\/sitp-kielce.pl\/index.php\/xiv-mistrzostwa-w-strzelaniu-2016\/","og_locale":"pl_PL","og_type":"article","og_title":"XIV Mistrzostwa w strzelaniu \u2013 2016 - Stowarzyszenie In\u017cynier\u00f3w i Technik\u00f3w Po\u017carnictwa - Oddzia\u0142 \u015awi\u0119tokrzyski","og_url":"https:\/\/sitp-kielce.pl\/index.php\/xiv-mistrzostwa-w-strzelaniu-2016\/","og_site_name":"Stowarzyszenie In\u017cynier\u00f3w i Technik\u00f3w Po\u017carnictwa - Oddzia\u0142 \u015awi\u0119tokrzyski","og_image":[{"width":620,"height":220,"url":"https:\/\/sitp-kielce.pl\/wp-content\/uploads\/Galerie_SITP\/2016_strzelanie\/thumb23.jpg","type":"image\/jpeg"}],"twitter_card":"summary_large_image","schema":{"@context":"https:\/\/schema.org","@graph":[{"@type":"WebPage","@id":"https:\/\/sitp-kielce.pl\/index.php\/xiv-mistrzostwa-w-strzelaniu-2016\/","url":"https:\/\/sitp-kielce.pl\/index.php\/xiv-mistrzostwa-w-strzelaniu-2016\/","name":"XIV Mistrzostwa w strzelaniu \u2013 2016 - Stowarzyszenie In\u017cynier\u00f3w i Technik\u00f3w Po\u017carnictwa - Oddzia\u0142 \u015awi\u0119tokrzyski","isPartOf":{"@id":"http:\/\/sitp-kielce.pl\/#website"},"primaryImageOfPage":{"@id":"https:\/\/sitp-kielce.pl\/index.php\/xiv-mistrzostwa-w-strzelaniu-2016\/#primaryimage"},"image":{"@id":"https:\/\/sitp-kielce.pl\/index.php\/xiv-mistrzostwa-w-strzelaniu-2016\/#primaryimage"},"thumbnailUrl":"https:\/\/sitp-kielce.pl\/wp-content\/uploads\/Galerie_SITP\/2016_strzelanie\/thumb23.jpg","datePublished":"2021-09-15T10:34:18+00:00","breadcrumb":{"@id":"https:\/\/sitp-kielce.pl\/index.php\/xiv-mistrzostwa-w-strzelaniu-2016\/#breadcrumb"},"inLanguage":"pl-PL","potentialAction":[{"@type":"ReadAction","target":["https:\/\/sitp-kielce.pl\/index.php\/xiv-mistrzostwa-w-strzelaniu-2016\/"]}]},{"@type":"ImageObject","inLanguage":"pl-PL","@id":"https:\/\/sitp-kielce.pl\/index.php\/xiv-mistrzostwa-w-strzelaniu-2016\/#primaryimage","url":"https:\/\/sitp-kielce.pl\/wp-content\/uploads\/Galerie_SITP\/2016_strzelanie\/thumb23.jpg","contentUrl":"https:\/\/sitp-kielce.pl\/wp-content\/uploads\/Galerie_SITP\/2016_strzelanie\/thumb23.jpg","width":620,"height":220,"caption":""},{"@type":"BreadcrumbList","@id":"https:\/\/sitp-kielce.pl\/index.php\/xiv-mistrzostwa-w-strzelaniu-2016\/#breadcrumb","itemListElement":[{"@type":"ListItem","position":1,"name":"Strona g\u0142\u00f3wna","item":"http:\/\/sitp-kielce.pl\/"},{"@type":"ListItem","position":2,"name":"XIV Mistrzostwa w strzelaniu \u2013 2016"}]},{"@type":"WebSite","@id":"http:\/\/sitp-kielce.pl\/#website","url":"http:\/\/sitp-kielce.pl\/","name":"Stowarzyszenie In\u017cynier\u00f3w i Technik\u00f3w Po\u017carnictwa - Oddzia\u0142 \u015awi\u0119tokrzyski","description":"SITP","publisher":{"@id":"http:\/\/sitp-kielce.pl\/#organization"},"potentialAction":[{"@type":"SearchAction","target":{"@type":"EntryPoint","urlTemplate":"http:\/\/sitp-kielce.pl\/?s={search_term_string}"},"query-input":{"@type":"PropertyValueSpecification","valueRequired":true,"valueName":"search_term_string"}}],"inLanguage":"pl-PL"},{"@type":"Organization","@id":"http:\/\/sitp-kielce.pl\/#organization","name":"STOWARZYSZENIE IN\u017bYNIER\u00d3W I TECHNIK\u00d3W PO\u017bARNICTWA ODDZIA\u0141 \u015aWI\u0118TOKRZYSKI","url":"http:\/\/sitp-kielce.pl\/","logo":{"@type":"ImageObject","inLanguage":"pl-PL","@id":"http:\/\/sitp-kielce.pl\/#\/schema\/logo\/image\/","url":"http:\/\/sitp-kielce.pl\/wp-content\/uploads\/2021\/08\/sitp_logo_x500.png","contentUrl":"http:\/\/sitp-kielce.pl\/wp-content\/uploads\/2021\/08\/sitp_logo_x500.png","width":500,"height":231,"caption":"STOWARZYSZENIE IN\u017bYNIER\u00d3W I TECHNIK\u00d3W PO\u017bARNICTWA ODDZIA\u0141 \u015aWI\u0118TOKRZYSKI"},"image":{"@id":"http:\/\/sitp-kielce.pl\/#\/schema\/logo\/image\/"}}]}},"_links":{"self":[{"href":"https:\/\/sitp-kielce.pl\/index.php\/wp-json\/wp\/v2\/pages\/1195","targetHints":{"allow":["GET"]}}],"collection":[{"href":"https:\/\/sitp-kielce.pl\/index.php\/wp-json\/wp\/v2\/pages"}],"about":[{"href":"https:\/\/sitp-kielce.pl\/index.php\/wp-json\/wp\/v2\/types\/page"}],"author":[{"embeddable":true,"href":"https:\/\/sitp-kielce.pl\/index.php\/wp-json\/wp\/v2\/users\/1"}],"replies":[{"embeddable":true,"href":"https:\/\/sitp-kielce.pl\/index.php\/wp-json\/wp\/v2\/comments?post=1195"}],"version-history":[{"count":2,"href":"https:\/\/sitp-kielce.pl\/index.php\/wp-json\/wp\/v2\/pages\/1195\/revisions"}],"predecessor-version":[{"id":1251,"href":"https:\/\/sitp-kielce.pl\/index.php\/wp-json\/wp\/v2\/pages\/1195\/revisions\/1251"}],"wp:featuredmedia":[{"embeddable":true,"href":"https:\/\/sitp-kielce.pl\/index.php\/wp-json\/wp\/v2\/media\/881"}],"wp:attachment":[{"href":"https:\/\/sitp-kielce.pl\/index.php\/wp-json\/wp\/v2\/media?parent=1195"}],"curies":[{"name":"wp","href":"https:\/\/api.w.org\/{rel}","templated":true}]}}