{"id":614,"date":"2021-09-10T07:53:43","date_gmt":"2021-09-10T05:53:43","guid":{"rendered":"https:\/\/sitp-kielce.pl\/?page_id=614"},"modified":"2021-09-10T07:56:09","modified_gmt":"2021-09-10T05:56:09","slug":"614-2","status":"publish","type":"page","link":"https:\/\/sitp-kielce.pl\/index.php\/614-2\/","title":{"rendered":"O SITP"},"content":{"rendered":"\n<h2 class=\"wp-block-heading\"><\/h2>\n\n\n\n<p>Stowarzyszenie In\u017cynier\u00f3w i Technik\u00f3w Po\u017carnictwa (SITP) jest organizacj\u0105 naukowo-techniczn\u0105, kt\u00f3ra zosta\u0142a utworzona w 1983 r. W tym samym roku zosta\u0142a przyj\u0119ta jako cz\u0142onek zwyczajny do Federacji Stowarzysze\u0144 Naukowo-Technicznych Naczelnej Organizacji Technicznej (NOT).<\/p>\n\n\n\n<p>Celem Stowarzyszenia jest:<\/p>\n\n\n\n<ul class=\"wp-block-list\"><li>szerzenie wiedzy i post\u0119pu technicznego w zakresie ochrony przeciwpo\u017carowej,<\/li><li>popularyzowanie zagadnie\u0144 ochrony przeciwpo\u017carowej,<\/li><li>wnioskowanie potrzeby weryfikacji i doskonalenia norm i przepis\u00f3w z zakresu ochrony przeciwpo\u017carowej,<\/li><li>opracowywanie w\u0142asnych standard\u00f3w z zakresu ochrony przeciwpo\u017carowej,<\/li><li>integracja cz\u0142onk\u00f3w Stowarzyszenia<\/li><\/ul>\n\n\n\n<p>Spo\u015br\u00f3d wielu form dzia\u0142alno\u015bci Stowarzyszenia do najwa\u017cniejszych nale\u017c\u0105 specjalistyczne konferencje, seminaria i szkolenia z wybranych zagadnie\u0144 ochrony przeciwpo\u017carowej cechuj\u0105ce si\u0119 bardzo wysokim poziomem merytorycznym dzi\u0119ki zapraszaniu do wyg\u0142oszenia referat\u00f3w najlepszych specjalist\u00f3w krajowych miedzy innymi z Komendy G\u0142\u00f3wnej Pa\u0144stwowej Stra\u017cy Po\u017carnych ,Szko\u0142y G\u0142\u00f3wnej S\u0142u\u017cby Po\u017carniczej i Centrum Naukowo-Badawczego Ochrony Przeciwpo\u017carowej, a tak\u017ce specjalist\u00f3w zagranicznych. S\u0105 one adresowane g\u0142\u00f3wnie do os\u00f3b zajmuj\u0105cych si\u0119 profesjonalnie ochron\u0105 przeciwpo\u017carow\u0105 w tym projektant\u00f3w urz\u0105dze\u0144 przeciwpo\u017carowych i rzeczoznawc\u00f3w do spraw zabezpiecze\u0144 przeciwpo\u017carowych.<\/p>\n\n\n\n<p>Od 2002 r. SITP wydaje w\u0142asne czasopismo &#8211; kwartalnik &#8222;Ochrona przeciwpo\u017carowa&#8221;. Stowarzyszenie by\u0142o inicjatorem stworzenia systemu dobrowolnej certyfikacji us\u0142ug w zakresie ochrony przeciwpo\u017carowej.<\/p>\n\n\n\n<p>SITP jest organizacj\u0105 samofinansuj\u0105c\u0105 si\u0119. Zasadnicza cz\u0119\u015b\u0107 \u015brodk\u00f3w na dzia\u0142alno\u015b\u0107 statutow\u0105 pochodzi ze sk\u0142adek cz\u0142onk\u00f3w indywidualnych i wspieraj\u0105cych oraz z zysk\u00f3w wypracowanych przez Izb\u0119 Rzeczoznawc\u00f3w &#8211; wydzielon\u0105 jednostk\u0105 gospodarcz\u0105 Stowarzyszenia.<\/p>\n\n\n\n<p><\/p>\n\n\n\n<p><\/p>\n\n\n\n<h1 class=\"wp-block-heading\">Historia Oddzia\u0142u \u015awi\u0119tokrzyskiego SITP<\/h1>\n\n\n\n<p><strong>Rok 1983<\/strong>&nbsp;&#8211; Powstanie grupy inicjatywnej. Udzia\u0142 delegat\u00f3w z Kielc w zje\u017adzie za\u0142o\u017cycielskim stowarzyszenia.<\/p>\n\n\n\n<p><strong>Lata 1984-1987<\/strong>&nbsp;&#8211; Utworzenie k\u00f3\u0142 SITP w Kielcach, Ko\u0144skich, Busku Zdroju, Skar\u017cysku Kamiennej. Okres dzia\u0142ania pierwszego Zarz\u0105du Oddzia\u0142u SITP w Kielcach.<\/p>\n\n\n\n<p><strong>Lata 1988-199<\/strong>3 &#8211; Praktyczne zaprzestanie dzia\u0142alno\u015bci.<\/p>\n\n\n\n<p><strong>Rok 1994<\/strong>&nbsp;&#8211; Reaktywacja dzia\u0142alno\u015bci Oddzia\u0142u Kieleckiego SITP. Organizacja sympozjum pt. \u201eOchrona przeciwpo\u017carowa w gminie\u201d.<\/p>\n\n\n\n<p><strong>Rok 1995<\/strong>&nbsp;&#8211; Organizacja og\u00f3lnopolskiego sympozjum, kt\u00f3rego g\u0142\u00f3wnym tematem by\u0142a letnia pow\u00f3d\u017a.<\/p>\n\n\n\n<p><strong>Rok 1996<\/strong>&nbsp;&#8211; Organizacja sympozjum pt. \u201eDzia\u0142ania ratownicze w obiektach zagro\u017conych wybuchem\u201d. Wsp\u00f3\u0142organizacja kursu doskonalenia dla naczelnik\u00f3w OSP z terenu Kielecczyzny.<\/p>\n\n\n\n<p><strong>Rok 1997<\/strong>&nbsp;&#8211; Organizacja sympozjum regionalnego.<\/p>\n\n\n\n<p><strong>Rok 1998<\/strong>&nbsp;&#8211; Przygotowanie regionalnej konferencji pt. \u201eZabezpieczenie obiekt\u00f3w s\u0142u\u017cby zdrowia i opieki spo\u0142ecznej\u201d.<\/p>\n\n\n\n<p><strong>Rok 1999<\/strong>&nbsp;&#8211; Reorganizacja Oddzia\u0142u Kieleckiego SITP w zwi\u0105zku ze zmian\u0105 podzia\u0142u terytorialnego kraju.<\/p>\n\n\n\n<p><strong>Rok 2000<\/strong>&nbsp;&#8211; Organizacja Sympozjum Medycznego oraz sympozjum instrukta\u017cowo-szkoleniowego pt. \u201eZabezpieczenie przeciwpo\u017carowe obiekt\u00f3w zabytkowych i muzealnych w Sandomierzu\u201d. Przygotowanie konferencji naukowo-szkoleniowej pt. \u201eBezpiecze\u0144stwo po\u017carowe budynk\u00f3w &#8211; projektowanie i realizacja\u201d.<\/p>\n\n\n\n<p><strong>Rok 2001<\/strong>&nbsp;&#8211; Utworzenie Ko\u0142a SITP w Opatowie. Organizacja trzech konferencji naukowo-szkoleniowych w tym jednej og\u00f3lnopolskiej. Organizacja I Zawod\u00f3w Strzeleckich o Puchar Prezesa SITP Oddzia\u0142u \u015awi\u0119tokrzyskiego.<\/p>\n\n\n\n<p><strong>Rok 2002<\/strong>&nbsp;&#8211; Organizacja I Balu \u015awi\u0119tokrzyskiego Oddzia\u0142u SITP. Uroczyste spotkanie cz\u0142onk\u00f3w \u015awi\u0119tokrzyskiego Oddzia\u0142u SITP. Przygotowanie og\u00f3lnopolskiej konferencji pt. \u201eZagro\u017cenia oraz procedury prowadzenia akcji ratowniczych zwi\u0105zanych z transportem kolejowym materia\u0142\u00f3w niebezpiecznych\u201d.<\/p>\n\n\n\n<p><strong>Rok 2003<\/strong>&nbsp;&#8211; Organizacja II Balu \u015awi\u0119tokrzyskiego Oddzia\u0142u SITP. Przygotowanie og\u00f3lnopolskiej konferencji naukowo-szkoleniowej pt. \u201eBezpiecze\u0144stwo po\u017carowe budynk\u00f3w\u201d.<\/p>\n\n\n\n<p><strong>Rok 2004<\/strong>&nbsp;&#8211; Organizacja III Balu Karnawa\u0142owo-Walentynkowego \u015awi\u0119tokrzyskiego Oddzia\u0142u SITP. Uroczyste noworoczne spotkanie cz\u0142onk\u00f3w \u015awi\u0119tokrzyskiego Oddzia\u0142u SITP.<\/p>\n\n\n\n<p><strong>Rok 2005<\/strong>&nbsp;&#8211; Przygotowanie sympozjum regionalnego pt. \u201eD\u017awi\u0119kowe systemy ostrzegawcze\u201d. Organizacja III og\u00f3lnopolskiej konferencji naukowo szkoleniowej pt. \u201eBezpiecze\u0144stwo po\u017carowe modernizowanych, przebudowywanych budynk\u00f3w\u201d. Przeprowadzenie III Zawod\u00f3w Strzeleckich oraz I Zawod\u00f3w W\u0119dkarskich o Puchar Prezesa SITP Oddzia\u0142u \u015awi\u0119tokrzyskiego. Powo\u0142anie nowego Zarz\u0105du podczas walnego zgromadzenia.<\/p>\n\n\n\n<p><strong>Rok 2006<\/strong>&nbsp;&#8211; Przygotowanie dw\u00f3ch sympozj\u00f3w regionalnych: w kwietniu pt. \u201eZadania Pa\u0144stwowej Stra\u017cy Po\u017carnej zwi\u0105zane z transportem drogowym towar\u00f3w niebezpiecznych\u201d, w listopadzie pt. \u201eProblemy zwi\u0105zane z zabezpieczeniem przeciwpo\u017carowym zak\u0142ad\u00f3w przemys\u0142owych\u201d. Organizacja IV Zawod\u00f3w Strzeleckich o Puchar Prezesa SITP Oddzia\u0142u \u015awi\u0119tokrzyskiego. Uroczyste noworoczne spotkanie cz\u0142onk\u00f3w \u015awi\u0119tokrzyskiego Oddzia\u0142u SITP. Powo\u0142anie nowego Zarz\u0105du stowarzyszenia podczas VI Walnego Zebrania Delegat\u00f3w.<\/p>\n\n\n\n<p><strong>Rok 2007<\/strong>&nbsp;&#8211; Organizacja dw\u00f3ch konferencji o zasi\u0119gu regionalnym: w kwietniu pt. \u201eZmiany w przepisach przeciwpo\u017carowych i techniczno &#8211; budowlanych\u201d, w listopadzie pt. \u201eBezpiecze\u0144stwo po\u017carowe zak\u0142ad\u00f3w o du\u017cym i zwi\u0119kszonym ryzyku powstania powa\u017cnej awarii przemys\u0142owej\u201d. Przygotowanie og\u00f3lnopolskiej konferencji naukowo-szkoleniowej pt. \u201eBezpiecze\u0144stwo po\u017carowe budynk\u00f3w w aspekcie zapewnienia bezpiecznych warunk\u00f3w ewakuacji\u201d. Organizacja V Zawod\u00f3w Strzeleckich oraz II zawod\u00f3w w\u0119dkarskich o Puchar Prezesa SITP Oddzia\u0142u \u015awi\u0119tokrzyskiego oraz V Balu Karnawa\u0142owego.<\/p>\n\n\n\n<p><strong>Rok 2008<\/strong>&nbsp;&#8211; Przygotowanie dw\u00f3ch konferencji o zasi\u0119gu regionalnym. Organizacja III zawod\u00f3w w\u0119dkarskich oraz VI zawod\u00f3w strzeleckich o Puchar Prezesa SITP Oddzia\u0142u \u015awi\u0119tokrzyskiego.<\/p>\n","protected":false},"excerpt":{"rendered":"<p>Stowarzyszenie In\u017cynier\u00f3w i Technik\u00f3w Po\u017carnictwa (SITP) jest organizacj\u0105 naukowo-techniczn\u0105, kt\u00f3ra zosta\u0142a utworzona w 1983 r. W tym samym roku zosta\u0142a przyj\u0119ta jako cz\u0142onek zwyczajny do Federacji Stowarzysze\u0144 Naukowo-Technicznych Naczelnej Organizacji Technicznej (NOT). Celem Stowarzyszenia jest: szerzenie wiedzy i post\u0119pu technicznego w zakresie ochrony przeciwpo\u017carowej, popularyzowanie zagadnie\u0144 ochrony przeciwpo\u017carowej, wnioskowanie potrzeby weryfikacji i doskonalenia norm i&#8230;<\/p>\n","protected":false},"author":1,"featured_media":615,"parent":0,"menu_order":0,"comment_status":"closed","ping_status":"closed","template":"","meta":{"footnotes":""},"class_list":["post-614","page","type-page","status-publish","has-post-thumbnail","hentry"],"yoast_head":"<!-- This site is optimized with the Yoast SEO plugin v24.9 - https:\/\/yoast.com\/wordpress\/plugins\/seo\/ -->\n<title>O SITP - Stowarzyszenie In\u017cynier\u00f3w i Technik\u00f3w Po\u017carnictwa - Oddzia\u0142 \u015awi\u0119tokrzyski<\/title>\n<meta name=\"robots\" content=\"index, follow, max-snippet:-1, max-image-preview:large, max-video-preview:-1\" \/>\n<link rel=\"canonical\" href=\"http:\/\/sitp-kielce.pl\/index.php\/614-2\/\" \/>\n<meta property=\"og:locale\" content=\"pl_PL\" \/>\n<meta property=\"og:type\" content=\"article\" \/>\n<meta property=\"og:title\" content=\"O SITP - Stowarzyszenie In\u017cynier\u00f3w i Technik\u00f3w Po\u017carnictwa - Oddzia\u0142 \u015awi\u0119tokrzyski\" \/>\n<meta property=\"og:description\" content=\"Stowarzyszenie In\u017cynier\u00f3w i Technik\u00f3w Po\u017carnictwa (SITP) jest organizacj\u0105 naukowo-techniczn\u0105, kt\u00f3ra zosta\u0142a utworzona w 1983 r. W tym samym roku zosta\u0142a przyj\u0119ta jako cz\u0142onek zwyczajny do Federacji Stowarzysze\u0144 Naukowo-Technicznych Naczelnej Organizacji Technicznej (NOT). Celem Stowarzyszenia jest: szerzenie wiedzy i post\u0119pu technicznego w zakresie ochrony przeciwpo\u017carowej, popularyzowanie zagadnie\u0144 ochrony przeciwpo\u017carowej, wnioskowanie potrzeby weryfikacji i doskonalenia norm i...\" \/>\n<meta property=\"og:url\" content=\"http:\/\/sitp-kielce.pl\/index.php\/614-2\/\" \/>\n<meta property=\"og:site_name\" content=\"Stowarzyszenie In\u017cynier\u00f3w i Technik\u00f3w Po\u017carnictwa - Oddzia\u0142 \u015awi\u0119tokrzyski\" \/>\n<meta property=\"article:modified_time\" content=\"2021-09-10T05:56:09+00:00\" \/>\n<meta property=\"og:image\" content=\"http:\/\/sitp-kielce.pl\/wp-content\/uploads\/2021\/09\/sitp.gif\" \/>\n\t<meta property=\"og:image:width\" content=\"620\" \/>\n\t<meta property=\"og:image:height\" content=\"218\" \/>\n\t<meta property=\"og:image:type\" content=\"image\/gif\" \/>\n<meta name=\"twitter:card\" content=\"summary_large_image\" \/>\n<meta name=\"twitter:label1\" content=\"Szacowany czas czytania\" \/>\n\t<meta name=\"twitter:data1\" content=\"4 minuty\" \/>\n<script type=\"application\/ld+json\" class=\"yoast-schema-graph\">{\"@context\":\"https:\/\/schema.org\",\"@graph\":[{\"@type\":\"WebPage\",\"@id\":\"http:\/\/sitp-kielce.pl\/index.php\/614-2\/\",\"url\":\"http:\/\/sitp-kielce.pl\/index.php\/614-2\/\",\"name\":\"O SITP - Stowarzyszenie In\u017cynier\u00f3w i Technik\u00f3w Po\u017carnictwa - Oddzia\u0142 \u015awi\u0119tokrzyski\",\"isPartOf\":{\"@id\":\"http:\/\/sitp-kielce.pl\/#website\"},\"primaryImageOfPage\":{\"@id\":\"http:\/\/sitp-kielce.pl\/index.php\/614-2\/#primaryimage\"},\"image\":{\"@id\":\"http:\/\/sitp-kielce.pl\/index.php\/614-2\/#primaryimage\"},\"thumbnailUrl\":\"https:\/\/sitp-kielce.pl\/wp-content\/uploads\/2021\/09\/sitp.gif\",\"datePublished\":\"2021-09-10T05:53:43+00:00\",\"dateModified\":\"2021-09-10T05:56:09+00:00\",\"breadcrumb\":{\"@id\":\"http:\/\/sitp-kielce.pl\/index.php\/614-2\/#breadcrumb\"},\"inLanguage\":\"pl-PL\",\"potentialAction\":[{\"@type\":\"ReadAction\",\"target\":[\"http:\/\/sitp-kielce.pl\/index.php\/614-2\/\"]}]},{\"@type\":\"ImageObject\",\"inLanguage\":\"pl-PL\",\"@id\":\"http:\/\/sitp-kielce.pl\/index.php\/614-2\/#primaryimage\",\"url\":\"https:\/\/sitp-kielce.pl\/wp-content\/uploads\/2021\/09\/sitp.gif\",\"contentUrl\":\"https:\/\/sitp-kielce.pl\/wp-content\/uploads\/2021\/09\/sitp.gif\",\"width\":620,\"height\":218},{\"@type\":\"BreadcrumbList\",\"@id\":\"http:\/\/sitp-kielce.pl\/index.php\/614-2\/#breadcrumb\",\"itemListElement\":[{\"@type\":\"ListItem\",\"position\":1,\"name\":\"Strona g\u0142\u00f3wna\",\"item\":\"http:\/\/sitp-kielce.pl\/\"},{\"@type\":\"ListItem\",\"position\":2,\"name\":\"O SITP\"}]},{\"@type\":\"WebSite\",\"@id\":\"http:\/\/sitp-kielce.pl\/#website\",\"url\":\"http:\/\/sitp-kielce.pl\/\",\"name\":\"Stowarzyszenie In\u017cynier\u00f3w i Technik\u00f3w Po\u017carnictwa - Oddzia\u0142 \u015awi\u0119tokrzyski\",\"description\":\"SITP\",\"publisher\":{\"@id\":\"http:\/\/sitp-kielce.pl\/#organization\"},\"potentialAction\":[{\"@type\":\"SearchAction\",\"target\":{\"@type\":\"EntryPoint\",\"urlTemplate\":\"http:\/\/sitp-kielce.pl\/?s={search_term_string}\"},\"query-input\":{\"@type\":\"PropertyValueSpecification\",\"valueRequired\":true,\"valueName\":\"search_term_string\"}}],\"inLanguage\":\"pl-PL\"},{\"@type\":\"Organization\",\"@id\":\"http:\/\/sitp-kielce.pl\/#organization\",\"name\":\"STOWARZYSZENIE IN\u017bYNIER\u00d3W I TECHNIK\u00d3W PO\u017bARNICTWA ODDZIA\u0141 \u015aWI\u0118TOKRZYSKI\",\"url\":\"http:\/\/sitp-kielce.pl\/\",\"logo\":{\"@type\":\"ImageObject\",\"inLanguage\":\"pl-PL\",\"@id\":\"http:\/\/sitp-kielce.pl\/#\/schema\/logo\/image\/\",\"url\":\"http:\/\/sitp-kielce.pl\/wp-content\/uploads\/2021\/08\/sitp_logo_x500.png\",\"contentUrl\":\"http:\/\/sitp-kielce.pl\/wp-content\/uploads\/2021\/08\/sitp_logo_x500.png\",\"width\":500,\"height\":231,\"caption\":\"STOWARZYSZENIE IN\u017bYNIER\u00d3W I TECHNIK\u00d3W PO\u017bARNICTWA ODDZIA\u0141 \u015aWI\u0118TOKRZYSKI\"},\"image\":{\"@id\":\"http:\/\/sitp-kielce.pl\/#\/schema\/logo\/image\/\"}}]}<\/script>\n<!-- \/ Yoast SEO plugin. -->","yoast_head_json":{"title":"O SITP - Stowarzyszenie In\u017cynier\u00f3w i Technik\u00f3w Po\u017carnictwa - Oddzia\u0142 \u015awi\u0119tokrzyski","robots":{"index":"index","follow":"follow","max-snippet":"max-snippet:-1","max-image-preview":"max-image-preview:large","max-video-preview":"max-video-preview:-1"},"canonical":"http:\/\/sitp-kielce.pl\/index.php\/614-2\/","og_locale":"pl_PL","og_type":"article","og_title":"O SITP - Stowarzyszenie In\u017cynier\u00f3w i Technik\u00f3w Po\u017carnictwa - Oddzia\u0142 \u015awi\u0119tokrzyski","og_description":"Stowarzyszenie In\u017cynier\u00f3w i Technik\u00f3w Po\u017carnictwa (SITP) jest organizacj\u0105 naukowo-techniczn\u0105, kt\u00f3ra zosta\u0142a utworzona w 1983 r. W tym samym roku zosta\u0142a przyj\u0119ta jako cz\u0142onek zwyczajny do Federacji Stowarzysze\u0144 Naukowo-Technicznych Naczelnej Organizacji Technicznej (NOT). Celem Stowarzyszenia jest: szerzenie wiedzy i post\u0119pu technicznego w zakresie ochrony przeciwpo\u017carowej, popularyzowanie zagadnie\u0144 ochrony przeciwpo\u017carowej, wnioskowanie potrzeby weryfikacji i doskonalenia norm i...","og_url":"http:\/\/sitp-kielce.pl\/index.php\/614-2\/","og_site_name":"Stowarzyszenie In\u017cynier\u00f3w i Technik\u00f3w Po\u017carnictwa - Oddzia\u0142 \u015awi\u0119tokrzyski","article_modified_time":"2021-09-10T05:56:09+00:00","og_image":[{"width":620,"height":218,"url":"http:\/\/sitp-kielce.pl\/wp-content\/uploads\/2021\/09\/sitp.gif","type":"image\/gif"}],"twitter_card":"summary_large_image","twitter_misc":{"Szacowany czas czytania":"4 minuty"},"schema":{"@context":"https:\/\/schema.org","@graph":[{"@type":"WebPage","@id":"http:\/\/sitp-kielce.pl\/index.php\/614-2\/","url":"http:\/\/sitp-kielce.pl\/index.php\/614-2\/","name":"O SITP - Stowarzyszenie In\u017cynier\u00f3w i Technik\u00f3w Po\u017carnictwa - Oddzia\u0142 \u015awi\u0119tokrzyski","isPartOf":{"@id":"http:\/\/sitp-kielce.pl\/#website"},"primaryImageOfPage":{"@id":"http:\/\/sitp-kielce.pl\/index.php\/614-2\/#primaryimage"},"image":{"@id":"http:\/\/sitp-kielce.pl\/index.php\/614-2\/#primaryimage"},"thumbnailUrl":"https:\/\/sitp-kielce.pl\/wp-content\/uploads\/2021\/09\/sitp.gif","datePublished":"2021-09-10T05:53:43+00:00","dateModified":"2021-09-10T05:56:09+00:00","breadcrumb":{"@id":"http:\/\/sitp-kielce.pl\/index.php\/614-2\/#breadcrumb"},"inLanguage":"pl-PL","potentialAction":[{"@type":"ReadAction","target":["http:\/\/sitp-kielce.pl\/index.php\/614-2\/"]}]},{"@type":"ImageObject","inLanguage":"pl-PL","@id":"http:\/\/sitp-kielce.pl\/index.php\/614-2\/#primaryimage","url":"https:\/\/sitp-kielce.pl\/wp-content\/uploads\/2021\/09\/sitp.gif","contentUrl":"https:\/\/sitp-kielce.pl\/wp-content\/uploads\/2021\/09\/sitp.gif","width":620,"height":218},{"@type":"BreadcrumbList","@id":"http:\/\/sitp-kielce.pl\/index.php\/614-2\/#breadcrumb","itemListElement":[{"@type":"ListItem","position":1,"name":"Strona g\u0142\u00f3wna","item":"http:\/\/sitp-kielce.pl\/"},{"@type":"ListItem","position":2,"name":"O SITP"}]},{"@type":"WebSite","@id":"http:\/\/sitp-kielce.pl\/#website","url":"http:\/\/sitp-kielce.pl\/","name":"Stowarzyszenie In\u017cynier\u00f3w i Technik\u00f3w Po\u017carnictwa - Oddzia\u0142 \u015awi\u0119tokrzyski","description":"SITP","publisher":{"@id":"http:\/\/sitp-kielce.pl\/#organization"},"potentialAction":[{"@type":"SearchAction","target":{"@type":"EntryPoint","urlTemplate":"http:\/\/sitp-kielce.pl\/?s={search_term_string}"},"query-input":{"@type":"PropertyValueSpecification","valueRequired":true,"valueName":"search_term_string"}}],"inLanguage":"pl-PL"},{"@type":"Organization","@id":"http:\/\/sitp-kielce.pl\/#organization","name":"STOWARZYSZENIE IN\u017bYNIER\u00d3W I TECHNIK\u00d3W PO\u017bARNICTWA ODDZIA\u0141 \u015aWI\u0118TOKRZYSKI","url":"http:\/\/sitp-kielce.pl\/","logo":{"@type":"ImageObject","inLanguage":"pl-PL","@id":"http:\/\/sitp-kielce.pl\/#\/schema\/logo\/image\/","url":"http:\/\/sitp-kielce.pl\/wp-content\/uploads\/2021\/08\/sitp_logo_x500.png","contentUrl":"http:\/\/sitp-kielce.pl\/wp-content\/uploads\/2021\/08\/sitp_logo_x500.png","width":500,"height":231,"caption":"STOWARZYSZENIE IN\u017bYNIER\u00d3W I TECHNIK\u00d3W PO\u017bARNICTWA ODDZIA\u0141 \u015aWI\u0118TOKRZYSKI"},"image":{"@id":"http:\/\/sitp-kielce.pl\/#\/schema\/logo\/image\/"}}]}},"_links":{"self":[{"href":"https:\/\/sitp-kielce.pl\/index.php\/wp-json\/wp\/v2\/pages\/614","targetHints":{"allow":["GET"]}}],"collection":[{"href":"https:\/\/sitp-kielce.pl\/index.php\/wp-json\/wp\/v2\/pages"}],"about":[{"href":"https:\/\/sitp-kielce.pl\/index.php\/wp-json\/wp\/v2\/types\/page"}],"author":[{"embeddable":true,"href":"https:\/\/sitp-kielce.pl\/index.php\/wp-json\/wp\/v2\/users\/1"}],"replies":[{"embeddable":true,"href":"https:\/\/sitp-kielce.pl\/index.php\/wp-json\/wp\/v2\/comments?post=614"}],"version-history":[{"count":2,"href":"https:\/\/sitp-kielce.pl\/index.php\/wp-json\/wp\/v2\/pages\/614\/revisions"}],"predecessor-version":[{"id":617,"href":"https:\/\/sitp-kielce.pl\/index.php\/wp-json\/wp\/v2\/pages\/614\/revisions\/617"}],"wp:featuredmedia":[{"embeddable":true,"href":"https:\/\/sitp-kielce.pl\/index.php\/wp-json\/wp\/v2\/media\/615"}],"wp:attachment":[{"href":"https:\/\/sitp-kielce.pl\/index.php\/wp-json\/wp\/v2\/media?parent=614"}],"curies":[{"name":"wp","href":"https:\/\/api.w.org\/{rel}","templated":true}]}}